{"id":13,"date":"2025-09-27T04:23:56","date_gmt":"2025-09-27T04:23:56","guid":{"rendered":"https:\/\/cyan-kingfisher-555779.hostingersite.com\/home\/"},"modified":"2026-01-08T01:50:25","modified_gmt":"2026-01-08T01:50:25","slug":"home","status":"publish","type":"page","link":"https:\/\/mrjosh04.art\/en\/","title":{"rendered":"Home"},"content":{"rendered":"<div style=\"background-image:url(&#039;https:\/\/images.unsplash.com\/photo-1691050769649-390293697deb?q=85&amp;w=1920&amp;h=800&amp;fit=crop&#039;);background-position:50% 50%;background-size:cover;\" class=\"wp-block-group alignfull hostinger-ai-background-image hostinger-ai-hero-opacity hostinger-ai-fade-up has-global-padding is-layout-constrained wp-block-group-is-layout-constrained has-background\" data-aos=\"fade-up\">\n<div class=\"wp-block-group alignwide hostinger-ai-fade-up is-vertical is-content-justification-center is-nowrap is-layout-flex wp-container-core-group-is-layout-95764c33 wp-block-group-is-layout-flex\" data-aos=\"fade-up\" style=\"min-height:800px;padding-top:var(--wp--preset--spacing--40);padding-bottom:var(--wp--preset--spacing--40)\">\n<div class=\"wp-block-group hostinger-ai-fade-up wp-container-content-69bc4bdf has-global-padding is-content-justification-center is-layout-constrained wp-container-core-group-is-layout-78267832 wp-block-group-is-layout-constrained\" data-aos=\"fade-up\">\n<h1 class=\"wp-block-heading has-text-align-center hostinger-ai-title has-light-color has-text-color has-link-color has-xx-large-font-size wp-elements-6b3a1cbae286aedd2d959c558f720b84\" style=\"margin-top:0;margin-right:0;margin-bottom:0;margin-left:0\">Creative Portfolio<\/h1>\n\n\n\n<p class=\"has-text-align-center hostinger-ai-description has-light-color has-text-color has-link-color has-medium-font-size wp-elements-a3cdfa8ac9818a191923493ec655f0a7\" style=\"margin-top:var(--wp--preset--spacing--20);margin-bottom:var(--wp--preset--spacing--50)\">Mostrando mi trabajo en direcci\u00f3n de doblaje  y edici\u00f3n de audio.<\/p>\n\n\n\n<div class=\"wp-block-buttons is-content-justification-center is-layout-flex wp-container-core-buttons-is-layout-a89b3969 wp-block-buttons-is-layout-flex\">\n<div class=\"wp-block-button hostinger-ai-cta-button\"><a class=\"wp-block-button__link has-light-color has-contrast-background-color has-text-color has-background has-link-color has-border-color has-medium-font-size has-custom-font-size wp-element-button\" href=\"https:\/\/mrjosh04.art\/en\/\" style=\"border-color:#ffffff;border-width:1px;border-radius:50px;padding-top:var(--wp--preset--spacing--30);padding-right:var(--wp--preset--spacing--70);padding-bottom:var(--wp--preset--spacing--30);padding-left:var(--wp--preset--spacing--70);box-shadow:none\">Get Started<\/a><\/div>\n<\/div>\n<\/div>\n<\/div>\n<\/div>\n\n\n\n<div class=\"wp-block-group alignfull hostinger-ai-our-projects-5 hostinger-ai-fade-up has-global-padding is-layout-constrained wp-block-group-is-layout-constrained\" data-aos=\"fade-up\">\n<div class=\"wp-block-group alignwide hostinger-ai-fade-up has-global-padding is-content-justification-left is-layout-constrained wp-container-core-group-is-layout-12dd3699 wp-block-group-is-layout-constrained\" data-aos=\"fade-up\">\n<h2 class=\"wp-block-heading is-style-default hostinger-ai-title has-dark-color has-text-color has-link-color has-x-large-font-size wp-elements-979d6ed343774a66b50e8be589da8e68\" style=\"margin-bottom:var(--wp--preset--spacing--50)\"><\/h2>\n\n\n\n<div class=\"wp-block-columns alignwide is-layout-flex wp-container-core-columns-is-layout-a5cf46d6 wp-block-columns-is-layout-flex\" style=\"margin-bottom:var(--wp--preset--spacing--40)\"><\/div>\n<\/div>\n<\/div>\n\n\n\n<script async src=\"https:\/\/pagead2.googlesyndication.com\/pagead\/js\/adsbygoogle.js?client=ca-pub-5036535064784954\"\n     crossorigin=\"anonymous\"><\/script>\n\n\n\n<p class=\"has-text-align-center\"><strong>MrJosh<\/strong> He is a Costa Rican dubbing director. He also works as a voice actor, video editor, sound designer, screenwriter, adapter, and CEO of PlasmaSpace Studios Inc.<\/p>\n\n\n\n<p><\/p>\n\n\n\n<h2 class=\"wp-block-heading has-text-align-center\"><em>My PC Specs:<\/em><\/h2>\n\n\n\n<ul class=\"wp-block-list\">\n<li>Operating System: Windows 11<\/li>\n\n\n\n<li>Processor: AMD Ryzen 5 3400G with Radeon Vega Graphics (3.70 GHz)<\/li>\n\n\n\n<li>Graphics Card: AMD Radeon(TM) RX Vega 11 Graphics<\/li>\n\n\n\n<li>RAM: 16.0 GB<\/li>\n<\/ul>\n\n\n\n<div class=\"wp-block-group alignfull hostinger-ai-solid-block hostinger-ai-fade-up has-color-1-background-color has-background has-global-padding is-layout-constrained wp-block-group-is-layout-constrained\" data-aos=\"fade-up\" style=\"padding-top:var(--wp--preset--spacing--60);padding-bottom:var(--wp--preset--spacing--60)\">\n<div class=\"wp-block-group alignwide hostinger-ai-fade-up is-vertical is-content-justification-center is-nowrap is-layout-flex wp-container-core-group-is-layout-4cc6ee0a wp-block-group-is-layout-flex\" data-aos=\"fade-up\" style=\"min-height:0px;padding-top:0;padding-bottom:0\">\n<div class=\"wp-block-group hostinger-ai-fade-up wp-container-content-69bc4bdf has-global-padding is-content-justification-center is-layout-constrained wp-container-core-group-is-layout-78267832 wp-block-group-is-layout-constrained\" data-aos=\"fade-up\">\n<h2 class=\"wp-block-heading has-text-align-center hostinger-ai-title has-dark-color has-text-color has-link-color has-x-large-font-size wp-elements-3873f69664efe15d8882639c62574de8\" style=\"margin-top:0;margin-right:0;margin-bottom:0;margin-left:0\"><\/h2>\n\n\n\n<p class=\"has-text-align-center hostinger-ai-description has-dark-color has-text-color has-link-color has-medium-font-size wp-elements-97dcf2f58fcc0c9fc69447e14f105d72\" style=\"margin-top:var(--wp--preset--spacing--20);margin-bottom:var(--wp--preset--spacing--50)\">Explore my portfolio, which includes animation, voice direction, and audio editing projects. Let's collaborate on your next creative project.<\/p>\n\n\n\n<div class=\"wp-block-buttons is-content-justification-center is-layout-flex wp-container-core-buttons-is-layout-a89b3969 wp-block-buttons-is-layout-flex\">\n<div class=\"wp-block-button hostinger-ai-cta-button\"><a class=\"wp-block-button__link has-dark-color has-contrast-background-color has-text-color has-background has-link-color has-border-color has-medium-font-size has-custom-font-size wp-element-button\" href=\"https:\/\/mrjosh04.art\/en\/portfolio\/\" style=\"border-color:#0d141a;border-width:1px;border-radius:50px;padding-top:var(--wp--preset--spacing--30);padding-right:var(--wp--preset--spacing--70);padding-bottom:var(--wp--preset--spacing--30);padding-left:var(--wp--preset--spacing--70);box-shadow:none\">Contact<\/a><\/div>\n<\/div>\n<\/div>\n<\/div>\n<\/div>","protected":false},"excerpt":{"rendered":"<p>Creative Portfolio Mostrando mi trabajo en direcci\u00f3n de doblaje y edici\u00f3n de audio. MrJosh es un director de doblaje costarricense. Tambi\u00e9n se desempe\u00f1a como actor de voz, editor de video, dise\u00f1ador sonoro, guionista, adaptador y CEO principal de PlasmaSpace Studios Inc. Caracter\u00edsticas de mi PC: Explora mi portafolio, que incluye proyectos de animaci\u00f3n, direcci\u00f3n de [&hellip;]<\/p>","protected":false},"author":1,"featured_media":0,"parent":0,"menu_order":0,"comment_status":"closed","ping_status":"closed","template":"","meta":{"footnotes":""},"class_list":["post-13","page","type-page","status-publish","hentry"],"_hostinger_reach_plugin_has_subscription_block":false,"_hostinger_reach_plugin_is_elementor":false,"_links":{"self":[{"href":"https:\/\/mrjosh04.art\/en\/wp-json\/wp\/v2\/pages\/13","targetHints":{"allow":["GET"]}}],"collection":[{"href":"https:\/\/mrjosh04.art\/en\/wp-json\/wp\/v2\/pages"}],"about":[{"href":"https:\/\/mrjosh04.art\/en\/wp-json\/wp\/v2\/types\/page"}],"author":[{"embeddable":true,"href":"https:\/\/mrjosh04.art\/en\/wp-json\/wp\/v2\/users\/1"}],"replies":[{"embeddable":true,"href":"https:\/\/mrjosh04.art\/en\/wp-json\/wp\/v2\/comments?post=13"}],"version-history":[{"count":9,"href":"https:\/\/mrjosh04.art\/en\/wp-json\/wp\/v2\/pages\/13\/revisions"}],"predecessor-version":[{"id":93,"href":"https:\/\/mrjosh04.art\/en\/wp-json\/wp\/v2\/pages\/13\/revisions\/93"}],"wp:attachment":[{"href":"https:\/\/mrjosh04.art\/en\/wp-json\/wp\/v2\/media?parent=13"}],"curies":[{"name":"wp","href":"https:\/\/api.w.org\/{rel}","templated":true}]}}