{"id":15,"date":"2025-09-27T04:24:10","date_gmt":"2025-09-27T04:24:10","guid":{"rendered":"https:\/\/cyan-kingfisher-555779.hostingersite.com\/services\/"},"modified":"2026-03-31T03:05:00","modified_gmt":"2026-03-31T03:05:00","slug":"services","status":"publish","type":"page","link":"https:\/\/mrjosh04.art\/en\/services\/","title":{"rendered":"Services"},"content":{"rendered":"<script async src=\"https:\/\/pagead2.googlesyndication.com\/pagead\/js\/adsbygoogle.js?client=ca-pub-5036535064784954\"\n     crossorigin=\"anonymous\"><\/script>\n\n\n\n<div class=\"wp-block-group alignfull hostinger-ai-fade-up has-global-padding is-layout-constrained wp-block-group-is-layout-constrained\" data-aos=\"fade-up\">\n<div class=\"wp-block-group alignwide hostinger-ai-fade-up has-global-padding is-content-justification-left is-layout-constrained wp-container-core-group-is-layout-12dd3699 wp-block-group-is-layout-constrained\" data-aos=\"fade-up\">\n<h2 class=\"wp-block-heading is-style-default hostinger-ai-title has-dark-color has-text-color has-link-color has-x-large-font-size wp-elements-085d4a05f0f8a524031372a5d33f5259\" style=\"margin-bottom:var(--wp--preset--spacing--50)\">Creative Audio Solutions<\/h2>\n\n\n\n<div class=\"wp-block-group alignwide hostinger-ai-fade-up is-nowrap is-layout-flex wp-container-core-group-is-layout-6c531013 wp-block-group-is-layout-flex\" data-aos=\"fade-up\">\n<div class=\"wp-block-group hostinger-ai-fade-up has-global-padding is-layout-constrained wp-container-core-group-is-layout-29a8626f wp-block-group-is-layout-constrained\" data-aos=\"fade-up\" style=\"padding-top:0;padding-right:var(--wp--preset--spacing--20);padding-bottom:0;padding-left:var(--wp--preset--spacing--20)\">\n<figure class=\"wp-block-image size-full has-custom-border hostinger-ai-service-image\"><img loading=\"lazy\" decoding=\"async\" width=\"410\" height=\"335\" src=\"https:\/\/mrjosh04.art\/wp-content\/uploads\/2025\/09\/photo-1693495928043-0506d65d8a56.jpeg\" alt=\"\" class=\"wp-image-24\" style=\"border-radius:20px\" srcset=\"https:\/\/mrjosh04.art\/wp-content\/uploads\/2025\/09\/photo-1693495928043-0506d65d8a56.jpeg 410w, https:\/\/mrjosh04.art\/wp-content\/uploads\/2025\/09\/photo-1693495928043-0506d65d8a56-300x245.jpeg 300w\" sizes=\"auto, (max-width: 410px) 100vw, 410px\" \/><\/figure>\n\n\n\n<p class=\"hostinger-ai-service-description has-dark-color has-text-color has-link-color has-medium-font-size wp-elements-ef16f392c26e45e807e0e6f6fa5971fb\" style=\"margin-top:var(--wp--preset--spacing--40)\">Professional voice-over direction for clear and impactful audio performances.<\/p>\n<\/div>\n\n\n\n<div class=\"wp-block-group hostinger-ai-fade-up has-global-padding is-layout-constrained wp-container-core-group-is-layout-c9115f92 wp-block-group-is-layout-constrained\" data-aos=\"fade-up\" style=\"padding-right:var(--wp--preset--spacing--20);padding-left:var(--wp--preset--spacing--20)\">\n<figure class=\"wp-block-image size-full has-custom-border hostinger-ai-service-image hostinger-index-1\"><a href=\"https:\/\/drive.google.com\/drive\/folders\/12etn7OHhfC9uxQVqk3X7At4YVbKP3hIF?usp=drive_link\" target=\"_blank\" rel=\" noreferrer noopener\"><img loading=\"lazy\" decoding=\"async\" width=\"1366\" height=\"768\" src=\"https:\/\/mrjosh04.art\/wp-content\/uploads\/2025\/09\/Creating-audio-tracks.png\" alt=\"\" class=\"wp-image-27\" style=\"border-radius:20px\" srcset=\"https:\/\/mrjosh04.art\/wp-content\/uploads\/2025\/09\/Creating-audio-tracks.png 1366w, https:\/\/mrjosh04.art\/wp-content\/uploads\/2025\/09\/Creating-audio-tracks-300x169.png 300w, https:\/\/mrjosh04.art\/wp-content\/uploads\/2025\/09\/Creating-audio-tracks-1024x576.png 1024w, https:\/\/mrjosh04.art\/wp-content\/uploads\/2025\/09\/Creating-audio-tracks-768x432.png 768w\" sizes=\"auto, (max-width: 1366px) 100vw, 1366px\" \/><\/a><\/figure>\n\n\n\n<p class=\"hostinger-ai-service-description hostinger-index-1 has-dark-color has-text-color has-link-color has-medium-font-size wp-elements-8bcc79b23168d3a1c1cca8263f0b45b3\" style=\"margin-top:var(--wp--preset--spacing--40)\">Discover my audio editing projects that seamlessly combine sound effects, dialogue, and music, creating immersive audio experiences for various media formats.<\/p>\n<\/div>\n<\/div>\n<\/div>\n<\/div>\n\n\n\n<div class=\"wp-block-group alignfull hostinger-ai-resume-1 hostinger-ai-fade-up has-global-padding is-layout-constrained wp-block-group-is-layout-constrained\" data-aos=\"fade-up\">\n<div class=\"wp-block-group alignwide hostinger-ai-fade-up is-layout-flow wp-block-group-is-layout-flow\" data-aos=\"fade-up\" style=\"padding-top:var(--wp--preset--spacing--60);padding-bottom:var(--wp--preset--spacing--60)\">\n<div class=\"wp-block-columns is-layout-flex wp-container-core-columns-is-layout-783b4be3 wp-block-columns-is-layout-flex\" style=\"margin-bottom:var(--wp--preset--spacing--60)\">\n<div class=\"wp-block-column is-layout-flow wp-block-column-is-layout-flow\">\n<h2 class=\"wp-block-heading hostinger-ai-title has-dark-color has-text-color has-link-color has-x-large-font-size wp-elements-23f0066314d8374514bb34d272f51fc0\" style=\"margin-bottom:var(--wp--preset--spacing--20)\">My Background<\/h2>\n<\/div>\n\n\n\n<div class=\"wp-block-column is-layout-flow wp-block-column-is-layout-flow\">\n<p class=\"hostinger-ai-description has-dark-color has-text-color has-link-color has-medium-font-size wp-elements-80f4b4e1acaa69189c85048ee9a7224a\" style=\"margin-top:0;margin-bottom:var(--wp--preset--spacing--70)\">With years of experience in animation, voice-over directing, and audio editing, I bring creativity and technical expertise to every project I undertake.<\/p>\n\n\n\n<p class=\"hostinger-ai-description hostinger-index-1\" style=\"margin-bottom:var(--wp--preset--spacing--50)\">Un narrador apasionado.<\/p>\n<\/div>\n<\/div>\n\n\n\n<div class=\"wp-block-columns is-layout-flex wp-container-core-columns-is-layout-28f84493 wp-block-columns-is-layout-flex\">\n<div class=\"wp-block-column is-layout-flow wp-block-column-is-layout-flow\">\n<h2 class=\"wp-block-heading hostinger-ai-title hostinger-index-1 has-dark-color has-text-color has-link-color has-x-large-font-size wp-elements-57a098729b65bd15792927b8ef8b140c\" style=\"margin-bottom:var(--wp--preset--spacing--20)\">Experience<\/h2>\n<\/div>\n\n\n\n<div class=\"wp-block-column is-layout-flow wp-block-column-is-layout-flow\">\n<div class=\"wp-block-group hostinger-ai-fade-up is-layout-flow wp-block-group-is-layout-flow\" data-aos=\"fade-up\" style=\"margin-bottom:var(--wp--preset--spacing--60)\">\n<p class=\"hostinger-ai-subtitle hostinger-index-1 hostinger-ai-font-bold has-dark-color has-text-color has-link-color has-medium-font-size wp-elements-74719f466227768b919d668e69494fde\" style=\"margin-top:0;margin-bottom:var(--wp--preset--spacing--20)\">Animation Director<\/p>\n\n\n\n<p class=\"hostinger-ai-workplace hostinger-index-1\" style=\"margin-top:0px;margin-bottom:0\">PlasmaSpace Productions<\/p>\n\n\n\n<p class=\"hostinger-ai-date hostinger-index-1\" style=\"margin-top:0;margin-bottom:var(--wp--preset--spacing--20)\">2024 \u2013 Present<\/p>\n\n\n\n<p class=\"hostinger-ai-description hostinger-index-1\" style=\"margin-top:0px\"><\/p>\n<\/div>\n\n\n\n<div class=\"wp-block-group hostinger-ai-fade-up is-layout-flow wp-block-group-is-layout-flow\" data-aos=\"fade-up\">\n<p class=\"hostinger-ai-subtitle hostinger-index-2 hostinger-ai-font-bold has-dark-color has-text-color has-link-color has-medium-font-size wp-elements-9fea1278c4db97c5bb8062ebc3f6c2ec\" style=\"margin-top:0;margin-bottom:var(--wp--preset--spacing--20)\">Audio editor<\/p>\n\n\n\n<p class=\"hostinger-ai-workplace hostinger-index-2\" style=\"margin-top:0px;margin-bottom:0\">PlasmaSpace Studios Inc<\/p>\n\n\n\n<p class=\"hostinger-ai-date hostinger-index-2\" style=\"margin-top:0px;margin-bottom:var(--wp--preset--spacing--20)\">2020 \u2013 Present<\/p>\n\n\n\n<p class=\"hostinger-ai-description hostinger-index-2\" style=\"margin-top:0px\">Creating immersive audio experiences for various media.<\/p>\n\n\n\n<p><\/p>\n\n\n\n<p class=\"hostinger-ai-subtitle hostinger-index-2 hostinger-ai-font-bold has-dark-color has-text-color has-link-color has-medium-font-size wp-elements-5c0999e2f616036a828e742332627278\" style=\"margin-top:0;margin-bottom:var(--wp--preset--spacing--20)\">Director De Doblaje<\/p>\n\n\n\n<p class=\"hostinger-ai-workplace hostinger-index-2\" style=\"margin-top:0px;margin-bottom:0\">PlasmaSpace Studios Inc<\/p>\n\n\n\n<p class=\"hostinger-ai-date hostinger-index-2\" style=\"margin-top:0px;margin-bottom:var(--wp--preset--spacing--20)\">2020 \u2013 Present<\/p>\n<\/div>\n<\/div>\n<\/div>\n<\/div>\n<\/div>","protected":false},"excerpt":{"rendered":"<p>Creative Audio Solutions Direcci\u00f3n de voz en off profesional para interpretaciones de audio claras e impactantes. Descubra mis proyectos de edici\u00f3n de audio que combinan efectos de sonido, di\u00e1logos y m\u00fasica a la perfecci\u00f3n, creando experiencias de audio inmersivas para varios formatos de medios. My Background Con a\u00f1os de experiencia en animaci\u00f3n, direcci\u00f3n de doblaje [&hellip;]<\/p>","protected":false},"author":1,"featured_media":0,"parent":0,"menu_order":0,"comment_status":"closed","ping_status":"closed","template":"","meta":{"footnotes":""},"class_list":["post-15","page","type-page","status-publish","hentry"],"_hostinger_reach_plugin_has_subscription_block":false,"_hostinger_reach_plugin_is_elementor":false,"_links":{"self":[{"href":"https:\/\/mrjosh04.art\/en\/wp-json\/wp\/v2\/pages\/15","targetHints":{"allow":["GET"]}}],"collection":[{"href":"https:\/\/mrjosh04.art\/en\/wp-json\/wp\/v2\/pages"}],"about":[{"href":"https:\/\/mrjosh04.art\/en\/wp-json\/wp\/v2\/types\/page"}],"author":[{"embeddable":true,"href":"https:\/\/mrjosh04.art\/en\/wp-json\/wp\/v2\/users\/1"}],"replies":[{"embeddable":true,"href":"https:\/\/mrjosh04.art\/en\/wp-json\/wp\/v2\/comments?post=15"}],"version-history":[{"count":6,"href":"https:\/\/mrjosh04.art\/en\/wp-json\/wp\/v2\/pages\/15\/revisions"}],"predecessor-version":[{"id":103,"href":"https:\/\/mrjosh04.art\/en\/wp-json\/wp\/v2\/pages\/15\/revisions\/103"}],"wp:attachment":[{"href":"https:\/\/mrjosh04.art\/en\/wp-json\/wp\/v2\/media?parent=15"}],"curies":[{"name":"wp","href":"https:\/\/api.w.org\/{rel}","templated":true}]}}