{"id":97,"date":"2026-03-31T02:48:31","date_gmt":"2026-03-31T02:48:31","guid":{"rendered":"https:\/\/mrjosh04.art\/?page_id=97"},"modified":"2026-03-31T03:03:23","modified_gmt":"2026-03-31T03:03:23","slug":"about-me","status":"publish","type":"page","link":"https:\/\/mrjosh04.art\/en\/about-me\/","title":{"rendered":"About Me"},"content":{"rendered":"<script async src=\"https:\/\/pagead2.googlesyndication.com\/pagead\/js\/adsbygoogle.js?client=ca-pub-5036535064784954\"\n     crossorigin=\"anonymous\"><\/script>\n\n\n\n<p><\/p>\n\n\n\n<p><strong>MrJosh<\/strong>&nbsp;He is a Costa Rican dubbing director. He also works as a voice actor, video editor, sound designer, screenwriter, adapter, and CEO of PlasmaSpace Studios Inc.<\/p>\n\n\n\n<p><\/p>\n\n\n\n<p><\/p>\n\n\n\n<h2 class=\"wp-block-heading\"><em>My PC Specs:<\/em><\/h2>\n\n\n\n<ul class=\"wp-block-list\">\n<li>Operating System: Windows 11<\/li>\n\n\n\n<li>Processor: AMD Ryzen 5 3400G with Radeon Vega Graphics (3.70 GHz)<\/li>\n\n\n\n<li>Graphics Card: AMD Radeon(TM) RX Vega 11 Graphics<\/li>\n\n\n\n<li>RAM: 16.0 GB<\/li>\n<\/ul>\n\n\n\n<h2 class=\"wp-block-heading\">Programas de edici\u00f3n que se usar: <\/h2>\n\n\n\n<ul class=\"wp-block-list\">\n<li>Camtasia Studio<\/li>\n\n\n\n<li>Filmora<\/li>\n\n\n\n<li>Sony Vegas<\/li>\n\n\n\n<li>AudaCity<\/li>\n\n\n\n<li>DTS<\/li>\n<\/ul>\n\n\n\n<p><\/p>\n\n\n\n<h1 class=\"wp-block-heading has-text-align-center\"><em>Experience<\/em><\/h1>\n\n\n\n<p>With years of experience in animation, voice-over directing, and audio editing, I bring creativity and technical expertise to every project I undertake.<\/p>\n\n\n\n<p><\/p>\n\n\n\n<div class=\"wp-block-group hostinger-ai-fade-up is-layout-flow wp-block-group-is-layout-flow\" data-aos=\"fade-up\" style=\"margin-bottom:var(--wp--preset--spacing--60)\">\n<p class=\"hostinger-ai-subtitle hostinger-index-1 hostinger-ai-font-bold has-dark-color has-text-color has-link-color has-medium-font-size wp-elements-4d5139cfdb47b2ee67f51ff8956a31fd\" style=\"margin-top:0;margin-bottom:var(--wp--preset--spacing--20)\"><strong>Director De Animaci\u00f3n<\/strong><\/p>\n\n\n\n<p class=\"hostinger-ai-workplace hostinger-index-1\" style=\"margin-top:0px;margin-bottom:0\">PlasmaSpace Productions<\/p>\n\n\n\n<p class=\"hostinger-ai-date hostinger-index-1\" style=\"margin-top:0;margin-bottom:var(--wp--preset--spacing--20)\"><em>2024 \u2013 Present<\/em><\/p>\n\n\n\n<p class=\"hostinger-ai-description hostinger-index-1\" style=\"margin-top:0px\"><\/p>\n<\/div>\n\n\n\n<div class=\"wp-block-group hostinger-ai-fade-up is-layout-flow wp-block-group-is-layout-flow\" data-aos=\"fade-up\">\n<p class=\"hostinger-ai-subtitle hostinger-index-2 hostinger-ai-font-bold has-dark-color has-text-color has-link-color has-medium-font-size wp-elements-606318d1dca4c14585af7a41a11e64da\" style=\"margin-top:0;margin-bottom:var(--wp--preset--spacing--20)\"><strong>Editor De Audio<\/strong><\/p>\n\n\n\n<p class=\"hostinger-ai-workplace hostinger-index-2\" style=\"margin-top:0px;margin-bottom:0\">PlasmaSpace Studios Inc.<\/p>\n\n\n\n<p class=\"hostinger-ai-date hostinger-index-2\" style=\"margin-top:0px;margin-bottom:var(--wp--preset--spacing--20)\"><em>2020 \u2013 Present<\/em><\/p>\n\n\n\n<p class=\"hostinger-ai-description hostinger-index-2\" style=\"margin-top:0px\">Creating immersive audio experiences for various media.<\/p>\n\n\n\n<p><\/p>\n\n\n\n<p class=\"hostinger-ai-subtitle hostinger-index-2 hostinger-ai-font-bold has-dark-color has-text-color has-link-color has-medium-font-size wp-elements-d916026331cb98fac8fd07994c0b71f6\" style=\"margin-top:0;margin-bottom:var(--wp--preset--spacing--20)\"><strong>Director De Doblaje<\/strong><\/p>\n\n\n\n<p class=\"hostinger-ai-workplace hostinger-index-2\" style=\"margin-top:0px;margin-bottom:0\">PlasmaSpace Studios Inc.<\/p>\n\n\n\n<p class=\"hostinger-ai-date hostinger-index-2\" style=\"margin-top:0px;margin-bottom:var(--wp--preset--spacing--20)\"><em>2020 \u2013 Present<\/em><\/p>\n<\/div>","protected":false},"excerpt":{"rendered":"<p>MrJosh&nbsp;es un director de doblaje costarricense. Tambi\u00e9n se desempe\u00f1a como actor de voz, editor de video, dise\u00f1ador sonoro, guionista, adaptador y CEO principal de PlasmaSpace Studios Inc. Caracter\u00edsticas de mi PC: Programas de edici\u00f3n que se usar: Experiencia Con a\u00f1os de experiencia en animaci\u00f3n, direcci\u00f3n de doblaje y edici\u00f3n de audio, aporto creatividad y experiencia [&hellip;]<\/p>","protected":false},"author":1,"featured_media":0,"parent":0,"menu_order":0,"comment_status":"closed","ping_status":"closed","template":"","meta":{"footnotes":""},"class_list":["post-97","page","type-page","status-publish","hentry"],"_hostinger_reach_plugin_has_subscription_block":false,"_hostinger_reach_plugin_is_elementor":false,"_links":{"self":[{"href":"https:\/\/mrjosh04.art\/en\/wp-json\/wp\/v2\/pages\/97","targetHints":{"allow":["GET"]}}],"collection":[{"href":"https:\/\/mrjosh04.art\/en\/wp-json\/wp\/v2\/pages"}],"about":[{"href":"https:\/\/mrjosh04.art\/en\/wp-json\/wp\/v2\/types\/page"}],"author":[{"embeddable":true,"href":"https:\/\/mrjosh04.art\/en\/wp-json\/wp\/v2\/users\/1"}],"replies":[{"embeddable":true,"href":"https:\/\/mrjosh04.art\/en\/wp-json\/wp\/v2\/comments?post=97"}],"version-history":[{"count":3,"href":"https:\/\/mrjosh04.art\/en\/wp-json\/wp\/v2\/pages\/97\/revisions"}],"predecessor-version":[{"id":102,"href":"https:\/\/mrjosh04.art\/en\/wp-json\/wp\/v2\/pages\/97\/revisions\/102"}],"wp:attachment":[{"href":"https:\/\/mrjosh04.art\/en\/wp-json\/wp\/v2\/media?parent=97"}],"curies":[{"name":"wp","href":"https:\/\/api.w.org\/{rel}","templated":true}]}}